{"id":36750,"date":"2026-04-05T15:31:59","date_gmt":"2026-04-05T14:31:59","guid":{"rendered":"https:\/\/kingdomwargamesvalencia.com\/?post_type=product&#038;p=36750"},"modified":"2026-04-05T17:26:07","modified_gmt":"2026-04-05T16:26:07","slug":"summoner-skirmish-spiritforged-abril-26","status":"publish","type":"product","link":"https:\/\/kingdomwargamesvalencia.com\/en\/comprar\/summoner-skirmish-spiritforged-abril-26\/","title":{"rendered":"Summoner Skirmish Spiritforged Abril"},"content":{"rendered":"","protected":false},"excerpt":{"rendered":"<p>El pr\u00f3ximo domingo 19 de abril, a las 12 h. se celebra el segundo Skirmish de Spiritforged en Kingdom Wargames Valencia.<\/p>\n<p>Solo por participar, recibir\u00e1s un sobre de Spiritforged, una bebida a elegir, y una promo conmemorativa del evento.<br \/>\nAdem\u00e1s el TOP 8 recibir\u00e1 una promo adicional, as\u00ed como una promo de campe\u00f3n y tapete para el ganador.<\/p>\n<p>\u00a1Y todo esto por solo 9\u20ac! No te lo pierdas adquiriendo ya tu entrada.<\/p>","protected":false},"featured_media":36747,"template":"","meta":[],"product_brand":[],"product_cat":[193],"product_tag":[],"class_list":{"0":"post-36750","1":"product","2":"type-product","3":"status-publish","4":"has-post-thumbnail","6":"product_cat-riftbound","8":"first","9":"instock","10":"taxable","11":"shipping-taxable","12":"purchasable","13":"product-type-simple"},"supplier_id":null,"supplier_sku":"","barcode":null,"atum_controlled":true,"out_stock_date":null,"out_stock_threshold":null,"inheritable":false,"inbound_stock":null,"stock_on_hold":5,"sold_today":0,"sales_last_days":5,"reserved_stock":null,"customer_returns":null,"warehouse_damage":null,"lost_in_post":null,"other_logs":null,"out_stock_days":0,"lost_sales":0,"has_location":false,"update_date":"2026-04-07T00:59:46","atum_locations":[],"atum_stock_status":"instock","restock_status":false,"low_stock_amount":"","sales_update_date":"2026-04-07T00:59:46","calc_backorders":null,"_links":{"self":[{"href":"https:\/\/kingdomwargamesvalencia.com\/en\/wp-json\/wp\/v2\/product\/36750","targetHints":{"allow":["GET"]}}],"collection":[{"href":"https:\/\/kingdomwargamesvalencia.com\/en\/wp-json\/wp\/v2\/product"}],"about":[{"href":"https:\/\/kingdomwargamesvalencia.com\/en\/wp-json\/wp\/v2\/types\/product"}],"version-history":[{"count":3,"href":"https:\/\/kingdomwargamesvalencia.com\/en\/wp-json\/wp\/v2\/product\/36750\/revisions"}],"predecessor-version":[{"id":36769,"href":"https:\/\/kingdomwargamesvalencia.com\/en\/wp-json\/wp\/v2\/product\/36750\/revisions\/36769"}],"wp:featuredmedia":[{"embeddable":true,"href":"https:\/\/kingdomwargamesvalencia.com\/en\/wp-json\/wp\/v2\/media\/36747"}],"wp:attachment":[{"href":"https:\/\/kingdomwargamesvalencia.com\/en\/wp-json\/wp\/v2\/media?parent=36750"}],"wp:term":[{"taxonomy":"product_brand","embeddable":true,"href":"https:\/\/kingdomwargamesvalencia.com\/en\/wp-json\/wp\/v2\/product_brand?post=36750"},{"taxonomy":"product_cat","embeddable":true,"href":"https:\/\/kingdomwargamesvalencia.com\/en\/wp-json\/wp\/v2\/product_cat?post=36750"},{"taxonomy":"product_tag","embeddable":true,"href":"https:\/\/kingdomwargamesvalencia.com\/en\/wp-json\/wp\/v2\/product_tag?post=36750"}],"curies":[{"name":"wp","href":"https:\/\/api.w.org\/{rel}","templated":true}]}}