{"id":36781,"date":"2026-04-05T19:22:33","date_gmt":"2026-04-05T18:22:33","guid":{"rendered":"https:\/\/kingdomwargamesvalencia.com\/?post_type=product&#038;p=36781"},"modified":"2026-04-06T15:54:07","modified_gmt":"2026-04-06T14:54:07","slug":"presentacion-secrets-of-strixhaven-x-magic-mujeres-sabado-18","status":"publish","type":"product","link":"https:\/\/kingdomwargamesvalencia.com\/en\/comprar\/presentacion-secrets-of-strixhaven-x-magic-mujeres-sabado-18\/","title":{"rendered":"Presentaci\u00f3n Secrets of Strixhaven x Magic Mujeres &#8211; S\u00e1bado 18"},"content":{"rendered":"<p>\u2728 @magicmujeres.vlc y @kingdomwargamesvalencia unimos fuerza para traeros un evento exclusivo para mujeres \ud83d\udc9c Para TODAS las mujeres \ud83e\ude77 \ud83e\ude75<\/p>\n<p>\ud83e\uddd9\u200d\u2640\ufe0f Magas, hechiceras, caminantes de planos&#8230; todas sois bienvenidas a la presentaci\u00f3n exclusiva de Secrets of Strixhaven \ud83e\udd89<\/p>\n<p>El pr\u00f3ximo s\u00e1bado 18 de abril, a las 11 horas, las puertas del Reino de Valencia se abren s\u00f3lo para vosotras. \u00a1Bienvenidas a VUESTRO REINO! \ud83d\udc51<\/p>\n<p>\u00a1No te quedes sin tu entrada!<\/p>","protected":false},"excerpt":{"rendered":"<p>\u2728 @magicmujeres.vlc y @kingdomwargamesvalencia unimos fuerza para traeros un evento exclusivo para mujeres \ud83d\udc9c Para TODAS las mujeres \ud83e\ude77 \ud83e\ude75<\/p>\n<p>\ud83e\uddd9\u200d\u2640\ufe0f Magas, hechiceras, caminantes de planos&#8230; todas sois bienvenidas a la presentaci\u00f3n exclusiva de Secrets of Strixhaven \ud83e\udd89<\/p>\n<p>El pr\u00f3ximo s\u00e1bado 18 de abril, a las 11 horas, las puertas del Reino de Valencia se abren s\u00f3lo para vosotras. \u00a1Bienvenidas a VUESTRO REINO! \ud83d\udc51<\/p>\n<p>\u00a1No te quedes sin tu entrada!<\/p>","protected":false},"featured_media":36780,"template":"","meta":[],"product_brand":[],"product_cat":[42],"product_tag":[],"class_list":{"0":"post-36781","1":"product","2":"type-product","3":"status-publish","4":"has-post-thumbnail","6":"product_cat-accessories","8":"first","9":"instock","10":"taxable","11":"shipping-taxable","12":"purchasable","13":"product-type-simple"},"supplier_id":null,"supplier_sku":"","barcode":null,"atum_controlled":true,"out_stock_date":null,"out_stock_threshold":null,"inheritable":false,"inbound_stock":null,"stock_on_hold":4,"sold_today":0,"sales_last_days":4,"reserved_stock":null,"customer_returns":null,"warehouse_damage":null,"lost_in_post":null,"other_logs":null,"out_stock_days":0,"lost_sales":0,"has_location":false,"update_date":"2026-04-07T00:59:47","atum_locations":[],"atum_stock_status":"instock","restock_status":false,"low_stock_amount":"","sales_update_date":"2026-04-07T00:59:47","calc_backorders":null,"_links":{"self":[{"href":"https:\/\/kingdomwargamesvalencia.com\/en\/wp-json\/wp\/v2\/product\/36781","targetHints":{"allow":["GET"]}}],"collection":[{"href":"https:\/\/kingdomwargamesvalencia.com\/en\/wp-json\/wp\/v2\/product"}],"about":[{"href":"https:\/\/kingdomwargamesvalencia.com\/en\/wp-json\/wp\/v2\/types\/product"}],"version-history":[{"count":1,"href":"https:\/\/kingdomwargamesvalencia.com\/en\/wp-json\/wp\/v2\/product\/36781\/revisions"}],"predecessor-version":[{"id":36782,"href":"https:\/\/kingdomwargamesvalencia.com\/en\/wp-json\/wp\/v2\/product\/36781\/revisions\/36782"}],"wp:featuredmedia":[{"embeddable":true,"href":"https:\/\/kingdomwargamesvalencia.com\/en\/wp-json\/wp\/v2\/media\/36780"}],"wp:attachment":[{"href":"https:\/\/kingdomwargamesvalencia.com\/en\/wp-json\/wp\/v2\/media?parent=36781"}],"wp:term":[{"taxonomy":"product_brand","embeddable":true,"href":"https:\/\/kingdomwargamesvalencia.com\/en\/wp-json\/wp\/v2\/product_brand?post=36781"},{"taxonomy":"product_cat","embeddable":true,"href":"https:\/\/kingdomwargamesvalencia.com\/en\/wp-json\/wp\/v2\/product_cat?post=36781"},{"taxonomy":"product_tag","embeddable":true,"href":"https:\/\/kingdomwargamesvalencia.com\/en\/wp-json\/wp\/v2\/product_tag?post=36781"}],"curies":[{"name":"wp","href":"https:\/\/api.w.org\/{rel}","templated":true}]}}